{"id":15634,"date":"2020-06-10T15:05:45","date_gmt":"2020-06-10T15:05:45","guid":{"rendered":"https:\/\/piandiboit.it\/?page_id=15634"},"modified":"2023-01-09T20:47:34","modified_gmt":"2023-01-09T20:47:34","slug":"strutture","status":"publish","type":"page","link":"https:\/\/piandiboit.it\/index.php\/strutture\/","title":{"rendered":"Strutture"},"content":{"rendered":"\n<p>A Pian di Boit si trovano un bivacco del Parco Nazionale Val Grande con 6 posti letto e inoltre un grande fabbricato rurale, che dal 1995 \u00e8 in uso alla Cooperativa Valgrande la quale, dopo la ristrutturazione, lo utilizza per alcune sue attivit\u00e0. Un terzo edificio, di propriet\u00e0 del Comune di Intragna, verr\u00e0 presto ristrutturato per diventare un altro <\/p>\n\n\n\n<p>A Pian di Boit si trovano le seguenti strutture:<\/p>\n\n\n\n<ol type=\"1\"><li>Rifugio non gestito di Pian di Boit<\/li><li>Baita della Valgrande Societ\u00e0 Cooperativa<\/li><li>Bivacco del Parco Nazionale Val Grande (sempre aperto)<\/li><\/ol>\n\n\n\n<p>Per inviare richiesta di prenotazione del Rifugio non gestito di Pian di Boit scrivere una e-mail oppure telefonare al SOGGETTO GESTORE<\/p>\n\n\n\n<p>Inserire i seguenti file PDF scaricabili:<\/p>\n\n\n\n<ul><li>Regolamento del rifugio non gestito di Pian di Boit<\/li><li>Norme di comportamento<\/li><li>Istruzioni di gestione degli impianti<\/li><li>Modulo di prenotazione da inviare a MAIL DEL SOGGETTO GESTORE<\/li><\/ul>\n\n\n\n<p>Inserire i contatti del soggetto gestore e la localizzazione su Maps di Pian di Boit, usando questo link: <a href=\"https:\/\/www.google.it\/maps\/place\/Alpe+Pian+di+Boit\/@46.0193981,8.4740319,38280m\/data=!3m1!1e3!4m5!3m4!1s0x4785e9f2c23a7851:0x84a199d500890218!8m2!3d46.0517261!4d8.5121513?hl=it\">https:\/\/www.google.it\/maps\/place\/Alpe+Pian+di+Boit\/@46.0193981,8.4740319,38280m\/data=!3m1!1e3!4m5!3m4!1s0x4785e9f2c23a7851:0x84a199d500890218!8m2!3d46.0517261!4d8.5121513?hl=it<\/a><\/p>\n\n\n\n<p>La struttura \u00e8 prenotabile in via prioritaria dai partner del progetto Co.Lo.N.I.A.<\/p>\n\n\n\n<p>Sar\u00e0 cura del soggetto gestore valutare altre richieste di prenotazione da soggetti terzi.<\/p>\n","protected":false},"excerpt":{"rendered":"<p>A Pian di Boit si trovano un bivacco del Parco Nazionale Val Grande con 6 posti letto e inoltre un grande fabbricato rurale, che dal 1995 \u00e8 in uso alla Cooperativa Valgrande la quale, dopo la ristrutturazione, lo utilizza per alcune sue attivit\u00e0. Un terzo edificio, di propriet\u00e0 del Comune di Intragna, verr\u00e0 presto ristrutturato&#8230;<\/p>\n","protected":false},"author":2,"featured_media":0,"parent":0,"menu_order":0,"comment_status":"closed","ping_status":"closed","template":"","meta":[],"_links":{"self":[{"href":"https:\/\/piandiboit.it\/index.php\/wp-json\/wp\/v2\/pages\/15634"}],"collection":[{"href":"https:\/\/piandiboit.it\/index.php\/wp-json\/wp\/v2\/pages"}],"about":[{"href":"https:\/\/piandiboit.it\/index.php\/wp-json\/wp\/v2\/types\/page"}],"author":[{"embeddable":true,"href":"https:\/\/piandiboit.it\/index.php\/wp-json\/wp\/v2\/users\/2"}],"replies":[{"embeddable":true,"href":"https:\/\/piandiboit.it\/index.php\/wp-json\/wp\/v2\/comments?post=15634"}],"version-history":[{"count":2,"href":"https:\/\/piandiboit.it\/index.php\/wp-json\/wp\/v2\/pages\/15634\/revisions"}],"predecessor-version":[{"id":15849,"href":"https:\/\/piandiboit.it\/index.php\/wp-json\/wp\/v2\/pages\/15634\/revisions\/15849"}],"wp:attachment":[{"href":"https:\/\/piandiboit.it\/index.php\/wp-json\/wp\/v2\/media?parent=15634"}],"curies":[{"name":"wp","href":"https:\/\/api.w.org\/{rel}","templated":true}]}}