{"id":15626,"date":"2020-06-10T14:39:00","date_gmt":"2020-06-10T14:39:00","guid":{"rendered":"https:\/\/piandiboit.it\/?page_id=15626"},"modified":"2022-12-16T16:15:33","modified_gmt":"2022-12-16T16:15:33","slug":"pian-di-boit","status":"publish","type":"page","link":"https:\/\/piandiboit.it\/index.php\/pian-di-boit\/","title":{"rendered":"Pian di Boit"},"content":{"rendered":"\n<p>L\u2019Alpe Pian di Boit \u00e8 uno dei numerosi testimoni materiali, disseminati sul territorio, della storia passata e delle origini delle comunit\u00e0 che abitano le valli verbanesi.&nbsp;L&#8217;alpe Pian di Boit \u00e8 un alpeggio in alta Valle Pogallo a quota 1123 m, all&#8217;interno del Parco Nazionale della Val Grande. \u00c8 posto tappa del trekking Cicogna &#8211; Finero, traversata orientale del Parco Nazionale che collega il Verbano con la valle Vigezzo. Situato su un terrazzo pianeggiante, \u00e8 costituito da un gruppo di rustici in pietra circondati da prati e da boschi di faggio.&nbsp;Pian di Boit \u00e8 uno dei numerosi testimoni materiali, disseminati sul territorio, della storia e delle origini delle comunit\u00e0 che abitano le valli verbanesi.&nbsp;<\/p>\n\n\n\n<figure class=\"wp-block-image size-large\"><img loading=\"lazy\" width=\"1024\" height=\"683\" src=\"https:\/\/piandiboit.it\/wp-content\/uploads\/2020\/03\/pian-di-boit-1024x683.jpg\" alt=\"\" class=\"wp-image-15576\" srcset=\"https:\/\/piandiboit.it\/wp-content\/uploads\/2020\/03\/pian-di-boit-1024x683.jpg 1024w, https:\/\/piandiboit.it\/wp-content\/uploads\/2020\/03\/pian-di-boit-300x200.jpg 300w, https:\/\/piandiboit.it\/wp-content\/uploads\/2020\/03\/pian-di-boit-768x512.jpg 768w, https:\/\/piandiboit.it\/wp-content\/uploads\/2020\/03\/pian-di-boit-860x573.jpg 860w, https:\/\/piandiboit.it\/wp-content\/uploads\/2020\/03\/pian-di-boit-580x387.jpg 580w, https:\/\/piandiboit.it\/wp-content\/uploads\/2020\/03\/pian-di-boit-1160x773.jpg 1160w, https:\/\/piandiboit.it\/wp-content\/uploads\/2020\/03\/pian-di-boit-1320x880.jpg 1320w, https:\/\/piandiboit.it\/wp-content\/uploads\/2020\/03\/pian-di-boit.jpg 1500w\" sizes=\"(max-width: 1024px) 100vw, 1024px\" \/><figcaption>Pian di Boit tra gli alberi<\/figcaption><\/figure>\n\n\n\n<p>Da una parte \u00e8 testimone della Storia con la \u201cS\u201d maiuscola, che da locale diventa nazionale, essendo su uno dei territori in cui le vicende legate alla Resistenza partigiana al nazifascismo furono pi\u00f9 accese e in cui proprio i piccoli alpeggi di montagna e le frazioni pi\u00f9 remote diedero riparo ai combattenti partigiani.&nbsp;<\/p>\n\n\n\n<p>Dall\u2019altra \u00e8 testimone della storia con la \u201cs\u201d minuscola, ma non per questo meno importante, scritta con fatica da coloro che abitarono le montagne in condizioni di vita difficili, costruendo giorno dopo giorno una cultura solida che \u00e8 alla base dell\u2019identit\u00e0 delle comunit\u00e0 di oggi.<\/p>\n\n\n\n<p>Purtroppo, l\u2019abbandono progressivo degli alpeggi ha fatto s\u00ec che nei decenni passati le costruzioni tradizionali in pietra deperissero sempre di pi\u00f9, che i pascoli attorno si re-inselvatichissero e che il bosco abbia preso il sopravvento sul prato falciato.<\/p>\n\n\n\n<p>Pian di Boit \u00e8 uno dei pochi casi in cui questo naturale processo \u00e8 stato invertito, almeno in parte: dopo circa 20 anni di abbandono, l\u2019alpeggio \u00e8 dagli anni \u201990 sede di attivit\u00e0 sperimentali e di progetti che hanno iniziato a renderlo di nuovo vivo e atti<\/p>\n\n\n\n<p>L&#8217;alpe Pian di Boit \u00e8 un alpeggio in alta Valle Pogallo a quota 1123 m, all&#8217;interno del Parco Nazionale della Val Grande. \u00c8 posto tappa del trekking Cicogna &#8211; Finero, traversata orientale del Parco Nazionale che collega il Verbano con la valle Vigezzo. Situato su un terrazzo pianeggiante, \u00e8 costituito da un gruppo di rustici in pietra circondati da prati e da boschi di faggio.&nbsp;Pian di Boit \u00e8 uno dei numerosi testimoni materiali, disseminati sul territorio, della storia e delle origini delle comunit\u00e0 che abitano le valli verbanesi.&nbsp;<\/p>\n\n\n\n<p>Da una parte \u00e8 testimone della Storia con la \u201cS\u201d maiuscola, che da locale diventa nazionale, essendo su uno dei territori in cui le vicende legate alla Resistenza partigiana al nazifascismo furono pi\u00f9 accese e in cui proprio i piccoli alpeggi di montagna e le frazioni pi\u00f9 remote diedero riparo ai combattenti partigiani.&nbsp;<\/p>\n\n\n\n<p>Dall\u2019altra \u00e8 testimone della storia con la \u201cs\u201d minuscola, ma non per questo meno importante, scritta con fatica da coloro che abitarono le montagne in condizioni di vita difficili, costruendo giorno dopo giorno una cultura solida che \u00e8 alla base dell\u2019identit\u00e0 delle comunit\u00e0 di oggi.<\/p>\n\n\n\n<p>Purtroppo, l\u2019abbandono progressivo degli alpeggi ha fatto s\u00ec che nei decenni passati le costruzioni tradizionali in pietra deperissero sempre di pi\u00f9, che i pascoli attorno si re-inselvatichissero e che il bosco abbia preso il sopravvento sul prato falciato.<\/p>\n\n\n\n<p>Pian di Boit \u00e8 uno dei pochi casi in cui questo naturale processo \u00e8 stato invertito, almeno in parte: dopo circa 20 anni di abbandono, l\u2019alpeggio \u00e8 dagli anni \u201990 sede di attivit\u00e0 sperimentali e di progetti che hanno iniziato a renderlo di nuovo vivo e attivo.<\/p>\n\n\n\n<figure class=\"wp-block-gallery columns-3 is-cropped\"><ul class=\"blocks-gallery-grid\"><li class=\"blocks-gallery-item\"><figure><img loading=\"lazy\" width=\"1024\" height=\"1019\" src=\"https:\/\/piandiboit.it\/wp-content\/uploads\/2022\/12\/FOTO-DA-INSERIRE-NEL-TESTO-DELLA-SEZIONE-1-1024x1019.jpg\" alt=\"\" data-id=\"15841\" data-full-url=\"https:\/\/piandiboit.it\/wp-content\/uploads\/2022\/12\/FOTO-DA-INSERIRE-NEL-TESTO-DELLA-SEZIONE-1.jpg\" data-link=\"https:\/\/piandiboit.it\/index.php\/pian-di-boit\/foto-da-inserire-nel-testo-della-sezione-1\/\" class=\"wp-image-15841\" srcset=\"https:\/\/piandiboit.it\/wp-content\/uploads\/2022\/12\/FOTO-DA-INSERIRE-NEL-TESTO-DELLA-SEZIONE-1-1024x1019.jpg 1024w, https:\/\/piandiboit.it\/wp-content\/uploads\/2022\/12\/FOTO-DA-INSERIRE-NEL-TESTO-DELLA-SEZIONE-1-300x300.jpg 300w, https:\/\/piandiboit.it\/wp-content\/uploads\/2022\/12\/FOTO-DA-INSERIRE-NEL-TESTO-DELLA-SEZIONE-1-150x150.jpg 150w, https:\/\/piandiboit.it\/wp-content\/uploads\/2022\/12\/FOTO-DA-INSERIRE-NEL-TESTO-DELLA-SEZIONE-1-768x765.jpg 768w, https:\/\/piandiboit.it\/wp-content\/uploads\/2022\/12\/FOTO-DA-INSERIRE-NEL-TESTO-DELLA-SEZIONE-1-1536x1529.jpg 1536w, https:\/\/piandiboit.it\/wp-content\/uploads\/2022\/12\/FOTO-DA-INSERIRE-NEL-TESTO-DELLA-SEZIONE-1-75x75.jpg 75w, https:\/\/piandiboit.it\/wp-content\/uploads\/2022\/12\/FOTO-DA-INSERIRE-NEL-TESTO-DELLA-SEZIONE-1-580x577.jpg 580w, https:\/\/piandiboit.it\/wp-content\/uploads\/2022\/12\/FOTO-DA-INSERIRE-NEL-TESTO-DELLA-SEZIONE-1-860x856.jpg 860w, https:\/\/piandiboit.it\/wp-content\/uploads\/2022\/12\/FOTO-DA-INSERIRE-NEL-TESTO-DELLA-SEZIONE-1-1160x1155.jpg 1160w, https:\/\/piandiboit.it\/wp-content\/uploads\/2022\/12\/FOTO-DA-INSERIRE-NEL-TESTO-DELLA-SEZIONE-1-1320x1314.jpg 1320w, https:\/\/piandiboit.it\/wp-content\/uploads\/2022\/12\/FOTO-DA-INSERIRE-NEL-TESTO-DELLA-SEZIONE-1.jpg 2002w\" sizes=\"(max-width: 1024px) 100vw, 1024px\" \/><\/figure><\/li><li class=\"blocks-gallery-item\"><figure><img loading=\"lazy\" width=\"861\" height=\"555\" src=\"https:\/\/piandiboit.it\/wp-content\/uploads\/2022\/12\/FOTO-DA-INSERIRE-NEL-TESTO-DELLA-SEZIONE-2.jpg\" alt=\"\" data-id=\"15842\" data-full-url=\"https:\/\/piandiboit.it\/wp-content\/uploads\/2022\/12\/FOTO-DA-INSERIRE-NEL-TESTO-DELLA-SEZIONE-2.jpg\" data-link=\"https:\/\/piandiboit.it\/index.php\/pian-di-boit\/foto-da-inserire-nel-testo-della-sezione-2\/\" class=\"wp-image-15842\" srcset=\"https:\/\/piandiboit.it\/wp-content\/uploads\/2022\/12\/FOTO-DA-INSERIRE-NEL-TESTO-DELLA-SEZIONE-2.jpg 861w, https:\/\/piandiboit.it\/wp-content\/uploads\/2022\/12\/FOTO-DA-INSERIRE-NEL-TESTO-DELLA-SEZIONE-2-300x193.jpg 300w, https:\/\/piandiboit.it\/wp-content\/uploads\/2022\/12\/FOTO-DA-INSERIRE-NEL-TESTO-DELLA-SEZIONE-2-768x495.jpg 768w, https:\/\/piandiboit.it\/wp-content\/uploads\/2022\/12\/FOTO-DA-INSERIRE-NEL-TESTO-DELLA-SEZIONE-2-580x374.jpg 580w\" sizes=\"(max-width: 861px) 100vw, 861px\" \/><\/figure><\/li><li class=\"blocks-gallery-item\"><figure><img loading=\"lazy\" width=\"873\" height=\"581\" src=\"https:\/\/piandiboit.it\/wp-content\/uploads\/2022\/12\/FOTO-DA-INSERIRE-NEL-TESTO-DELLA-SEZIONE-3.jpg\" alt=\"\" data-id=\"15843\" data-full-url=\"https:\/\/piandiboit.it\/wp-content\/uploads\/2022\/12\/FOTO-DA-INSERIRE-NEL-TESTO-DELLA-SEZIONE-3.jpg\" data-link=\"https:\/\/piandiboit.it\/index.php\/pian-di-boit\/foto-da-inserire-nel-testo-della-sezione-3\/\" class=\"wp-image-15843\" srcset=\"https:\/\/piandiboit.it\/wp-content\/uploads\/2022\/12\/FOTO-DA-INSERIRE-NEL-TESTO-DELLA-SEZIONE-3.jpg 873w, https:\/\/piandiboit.it\/wp-content\/uploads\/2022\/12\/FOTO-DA-INSERIRE-NEL-TESTO-DELLA-SEZIONE-3-300x200.jpg 300w, https:\/\/piandiboit.it\/wp-content\/uploads\/2022\/12\/FOTO-DA-INSERIRE-NEL-TESTO-DELLA-SEZIONE-3-768x511.jpg 768w, https:\/\/piandiboit.it\/wp-content\/uploads\/2022\/12\/FOTO-DA-INSERIRE-NEL-TESTO-DELLA-SEZIONE-3-580x386.jpg 580w, https:\/\/piandiboit.it\/wp-content\/uploads\/2022\/12\/FOTO-DA-INSERIRE-NEL-TESTO-DELLA-SEZIONE-3-860x572.jpg 860w\" sizes=\"(max-width: 873px) 100vw, 873px\" \/><\/figure><\/li><\/ul><\/figure>\n\n\n\n<p>Leggi la storia di Pian di Boit nell&#8217;<a href=\"https:\/\/piandiboit.it\/wp-content\/uploads\/2022\/12\/Ricerca-storica-Gagliardi-M.-Maioli-T.-Piana-M.-Sito-piandiboit.it-2022.pdf\" target=\"_blank\" rel=\"noreferrer noopener\">articolo di Monica Gagliardi, Tiziano Maioli e Manuel Piana<\/a><\/p>\n","protected":false},"excerpt":{"rendered":"<p>L\u2019Alpe Pian di Boit \u00e8 uno dei numerosi testimoni materiali, disseminati sul territorio, della storia passata e delle origini delle comunit\u00e0 che abitano le valli verbanesi.&nbsp;L&#8217;alpe Pian di Boit \u00e8 un alpeggio in alta Valle Pogallo a quota 1123 m, all&#8217;interno del Parco Nazionale della Val Grande. \u00c8 posto tappa del trekking Cicogna &#8211; Finero,&#8230;<\/p>\n","protected":false},"author":2,"featured_media":0,"parent":0,"menu_order":0,"comment_status":"closed","ping_status":"closed","template":"","meta":[],"_links":{"self":[{"href":"https:\/\/piandiboit.it\/index.php\/wp-json\/wp\/v2\/pages\/15626"}],"collection":[{"href":"https:\/\/piandiboit.it\/index.php\/wp-json\/wp\/v2\/pages"}],"about":[{"href":"https:\/\/piandiboit.it\/index.php\/wp-json\/wp\/v2\/types\/page"}],"author":[{"embeddable":true,"href":"https:\/\/piandiboit.it\/index.php\/wp-json\/wp\/v2\/users\/2"}],"replies":[{"embeddable":true,"href":"https:\/\/piandiboit.it\/index.php\/wp-json\/wp\/v2\/comments?post=15626"}],"version-history":[{"count":5,"href":"https:\/\/piandiboit.it\/index.php\/wp-json\/wp\/v2\/pages\/15626\/revisions"}],"predecessor-version":[{"id":15890,"href":"https:\/\/piandiboit.it\/index.php\/wp-json\/wp\/v2\/pages\/15626\/revisions\/15890"}],"wp:attachment":[{"href":"https:\/\/piandiboit.it\/index.php\/wp-json\/wp\/v2\/media?parent=15626"}],"curies":[{"name":"wp","href":"https:\/\/api.w.org\/{rel}","templated":true}]}}